{"id":4698,"date":"2019-07-07T04:32:12","date_gmt":"2019-07-07T03:32:12","guid":{"rendered":"http:\/\/www.visionlarge.ch\/Blog\/?page_id=4698"},"modified":"2026-03-26T21:00:54","modified_gmt":"2026-03-26T20:00:54","slug":"securite-et-confidentialite","status":"publish","type":"page","link":"https:\/\/www.visionlarge.ch\/Blog\/securite-et-confidentialite\/","title":{"rendered":"S\u00e9curit\u00e9 et confidentialit\u00e9"},"content":{"rendered":"\n<p><strong>VISIONLARGE.CH<\/strong><br \/><em>C\u2019est toujours plus beau en visionlarge<\/em><\/p>\n\n\n\n<p>Cette politique de confidentialit\u00e9 a pour objectif de vous informer sur les pratiques de collecte, d\u2019utilisation et de divulgation des informations que vous soumettez via mon site internet visionlarge.ch, ainsi que sur le blog.<\/p>\n\n\n\n<p>Visionlarge assume la responsabilit\u00e9 des propos publi\u00e9s dans les articles du blog. En tant que blog personnel, ces pages peuvent contenir des avis subjectifs sur des services, produits, photos ou mat\u00e9riels. L\u2019objectif n\u2019est en aucun cas de porter atteinte \u00e0 leur r\u00e9putation, mais simplement de partager un avis personnel, qui ne se veut pas repr\u00e9sentatif d\u2019une majorit\u00e9.<\/p>\n\n\n\n<hr class=\"wp-block-separator has-alpha-channel-opacity\"\/>\n\n\n\n<h3 class=\"wp-block-heading\">Formulaires de contact<\/h3>\n\n\n\n<p>Lorsque vous soumettez une demande via le formulaire de contact, je collecte les donn\u00e9es suivantes : votre nom et pr\u00e9nom, votre adresse e-mail, ainsi que les informations que vous saisissez dans votre message.<\/p>\n\n\n\n<p>Lorsque vous laissez un commentaire, les donn\u00e9es du formulaire, votre adresse IP ainsi que l\u2019agent utilisateur de votre navigateur sont collect\u00e9s pour aider \u00e0 la d\u00e9tection des commentaires ind\u00e9sirables.<\/p>\n\n\n\n<p>Si vous laissez un commentaire, il vous sera propos\u00e9 d\u2019enregistrer votre nom, adresse e-mail et site web dans des cookies, pour votre confort lors de futurs commentaires.<\/p>\n\n\n\n<hr class=\"wp-block-separator has-alpha-channel-opacity\"\/>\n\n\n\n<h3 class=\"wp-block-heading\">Droit d\u2019acc\u00e8s et r\u00e9clamation<\/h3>\n\n\n\n<p>Vous avez le droit de demander la suppression de vos donn\u00e9es personnelles. Vous pouvez \u00e9galement faire une r\u00e9clamation concernant le traitement de vos donn\u00e9es.<\/p>\n\n\n\n<p>Si vous estimez \u00eatre l\u00e9s\u00e9 par un propos tenu sur le blog, n\u2019h\u00e9sitez pas \u00e0 me contacter pour en discuter.<\/p>\n\n\n\n<p>Pour exercer vos droits, envoyez un mail \u00e0 :&nbsp;<a>info@visionlarge.ch<\/a><\/p>\n\n\n\n<hr class=\"wp-block-separator has-alpha-channel-opacity\"\/>\n\n\n\n<h3 class=\"wp-block-heading\">S\u00e9curit\u00e9 des donn\u00e9es<\/h3>\n\n\n\n<p>visionlarge.ch s\u2019engage \u00e0 prot\u00e9ger vos donn\u00e9es en mettant en place des mesures adapt\u00e9es : mots de passe s\u00e9curis\u00e9s, mises \u00e0 jour r\u00e9guli\u00e8res, anti-spams, etc.<\/p>\n\n\n\n<hr class=\"wp-block-separator has-alpha-channel-opacity\"\/>\n\n\n\n<h3 class=\"wp-block-heading\">Dur\u00e9e de conservation<\/h3>\n\n\n\n<p>Les commentaires et leurs m\u00e9tadonn\u00e9es sont conserv\u00e9s ind\u00e9finiment. Pour les utilisateurs enregistr\u00e9s (si applicable), leurs donn\u00e9es de profil sont \u00e9galement stock\u00e9es. Ils peuvent modifier ou supprimer leurs informations \u00e0 tout moment, sauf leur nom d\u2019utilisateur\u00b7ice. Les gestionnaires du site peuvent aussi acc\u00e9der et modifier ces donn\u00e9es.<\/p>\n\n\n\n<hr class=\"wp-block-separator has-alpha-channel-opacity\"\/>\n\n\n\n<h3 class=\"wp-block-heading\">Contenu embarqu\u00e9 depuis d\u2019autres sites<\/h3>\n\n\n\n<p>Les articles peuvent contenir du contenu int\u00e9gr\u00e9 (vid\u00e9os, images, articles\u2026). Ce contenu se comporte comme si vous visitiez directement ces sites, qui peuvent collecter des donn\u00e9es, utiliser des cookies, ou suivre votre navigation.<\/p>\n\n\n\n<hr class=\"wp-block-separator has-alpha-channel-opacity\"\/>\n\n\n\n<h3 class=\"wp-block-heading\">Statistiques et mesures d\u2019audience<\/h3>\n\n\n\n<p>Des cookies sont utilis\u00e9s pour mesurer la fr\u00e9quentation et analyser votre parcours sur le site, afin d\u2019am\u00e9liorer votre exp\u00e9rience.&nbsp;<em>(Par exemple : Google Analytics, Matomo, etc.)<\/em><\/p>\n\n\n\n<hr class=\"wp-block-separator has-alpha-channel-opacity\"\/>\n\n\n\n<h3 class=\"wp-block-heading\">Gestion des cookies<\/h3>\n\n\n\n<p>Une banni\u00e8re s\u2019affiche en bas de l\u2019\u00e9cran lors de votre premi\u00e8re visite sur le site. Elle vous permet de prendre connaissance des cookies utilis\u00e9s, ainsi que d\u2019accepter ou de refuser leur utilisation selon vos pr\u00e9f\u00e9rences.<\/p>\n\n\n\n<p>Si la banni\u00e8re n\u2019appara\u00eet plus, vous pouvez la faire r\u00e9appara\u00eetre en cliquant sur le bandeau blanc situ\u00e9 en bas de la page, afin de modifier vos choix \u00e0 tout moment.<\/p>\n\n\n\n<hr class=\"wp-block-separator has-alpha-channel-opacity\"\/>\n\n\n\n<h3 class=\"wp-block-heading\">\u00c0 propos<\/h3>\n\n\n\n<p>Photographe amateur passionn\u00e9, \u00e9tabli dans le canton de Vaud, en Suisse. J\u2019aime saisir l\u2019instant, que ce soit avec un appareil num\u00e9rique ou vintage.<\/p>\n\n\n\n<hr class=\"wp-block-separator has-alpha-channel-opacity\"\/>\n\n\n\n<h3 class=\"wp-block-heading\">Contact<br \/>Email :\u00a0<a>info@visionlarge.ch<\/a><\/h3>\n\n\n\n<p>\u00a9 Copyright  \u2013 Visionlarge.ch<\/p>\n\n\n\n<p><\/p>\n","protected":false},"excerpt":{"rendered":"<p>VISIONLARGE.CHC\u2019est toujours plus beau en visionlarge Cette politique de confidentialit\u00e9 a pour objectif de vous informer sur les pratiques de collecte, d\u2019utilisation et de divulgation des informations que vous soumettez via mon site internet visionlarge.ch, ainsi que sur le blog. Visionlarge assume la responsabilit\u00e9 des propos publi\u00e9s dans les articles&#8230;<\/p>\n<div class=\"more-link-wrapper\"><a class=\"more-link\" href=\"https:\/\/www.visionlarge.ch\/Blog\/securite-et-confidentialite\/\">La suite? C&#039;est par l\u00e0!<span class=\"screen-reader-text\">S\u00e9curit\u00e9 et confidentialit\u00e9<\/span><\/a><\/div>\n","protected":false},"author":1,"featured_media":0,"parent":0,"menu_order":0,"comment_status":"closed","ping_status":"closed","template":"","meta":{"footnotes":""},"class_list":["post-4698","page","type-page","status-publish","hentry","excerpt","zoom","full-without-featured","even","excerpt-0"],"yoast_head":"<!-- This site is optimized with the Yoast SEO plugin v27.5 - https:\/\/yoast.com\/product\/yoast-seo-wordpress\/ -->\n<title>S\u00e9curit\u00e9 et confidentialit\u00e9 &#8212; Visionlarge.ch<\/title>\n<meta name=\"robots\" content=\"index, follow, max-snippet:-1, max-image-preview:large, max-video-preview:-1\" \/>\n<link rel=\"canonical\" href=\"https:\/\/www.visionlarge.ch\/Blog\/securite-et-confidentialite\/\" \/>\n<meta property=\"og:locale\" content=\"fr_FR\" \/>\n<meta property=\"og:type\" content=\"article\" \/>\n<meta property=\"og:title\" content=\"S\u00e9curit\u00e9 et confidentialit\u00e9 &#8212; Visionlarge.ch\" \/>\n<meta property=\"og:url\" content=\"https:\/\/www.visionlarge.ch\/Blog\/securite-et-confidentialite\/\" \/>\n<meta property=\"og:site_name\" content=\"Visionlarge.ch\" \/>\n<meta property=\"article:modified_time\" content=\"2026-03-26T20:00:54+00:00\" \/>\n<meta property=\"og:image\" content=\"https:\/\/www.visionlarge.ch\/Blog\/wp-content\/uploads\/Dans-les-forets-du-Jura-2024-scaled.jpg\" \/>\n\t<meta property=\"og:image:width\" content=\"2560\" \/>\n\t<meta property=\"og:image:height\" content=\"1750\" \/>\n\t<meta property=\"og:image:type\" content=\"image\/jpeg\" \/>\n<meta name=\"twitter:card\" content=\"summary_large_image\" \/>\n<meta name=\"twitter:site\" content=\"@visionlarge\" \/>\n<meta name=\"twitter:label1\" content=\"Dur\u00e9e de lecture estim\u00e9e\" \/>\n\t<meta name=\"twitter:data1\" content=\"3 minutes\" \/>\n<script type=\"application\/ld+json\" class=\"yoast-schema-graph\">{\"@context\":\"https:\\\/\\\/schema.org\",\"@graph\":[{\"@type\":\"WebPage\",\"@id\":\"https:\\\/\\\/www.visionlarge.ch\\\/Blog\\\/securite-et-confidentialite\\\/\",\"url\":\"https:\\\/\\\/www.visionlarge.ch\\\/Blog\\\/securite-et-confidentialite\\\/\",\"name\":\"S\u00e9curit\u00e9 et confidentialit\u00e9 &#8212; Visionlarge.ch\",\"isPartOf\":{\"@id\":\"https:\\\/\\\/www.visionlarge.ch\\\/Blog\\\/#website\"},\"datePublished\":\"2019-07-07T03:32:12+00:00\",\"dateModified\":\"2026-03-26T20:00:54+00:00\",\"breadcrumb\":{\"@id\":\"https:\\\/\\\/www.visionlarge.ch\\\/Blog\\\/securite-et-confidentialite\\\/#breadcrumb\"},\"inLanguage\":\"fr-FR\",\"potentialAction\":[{\"@type\":\"ReadAction\",\"target\":[\"https:\\\/\\\/www.visionlarge.ch\\\/Blog\\\/securite-et-confidentialite\\\/\"]}]},{\"@type\":\"BreadcrumbList\",\"@id\":\"https:\\\/\\\/www.visionlarge.ch\\\/Blog\\\/securite-et-confidentialite\\\/#breadcrumb\",\"itemListElement\":[{\"@type\":\"ListItem\",\"position\":1,\"name\":\"Accueil\",\"item\":\"https:\\\/\\\/www.visionlarge.ch\\\/Blog\\\/\"},{\"@type\":\"ListItem\",\"position\":2,\"name\":\"S\u00e9curit\u00e9 et confidentialit\u00e9\"}]},{\"@type\":\"WebSite\",\"@id\":\"https:\\\/\\\/www.visionlarge.ch\\\/Blog\\\/#website\",\"url\":\"https:\\\/\\\/www.visionlarge.ch\\\/Blog\\\/\",\"name\":\"Bovard Alain, mon blog photo\",\"description\":\"C&#039;est toujours plus beau en visionlarge...\",\"publisher\":{\"@id\":\"https:\\\/\\\/www.visionlarge.ch\\\/Blog\\\/#\\\/schema\\\/person\\\/b1280adcf8dd414efb101660dca80274\"},\"alternateName\":\"visionlarge\",\"potentialAction\":[{\"@type\":\"SearchAction\",\"target\":{\"@type\":\"EntryPoint\",\"urlTemplate\":\"https:\\\/\\\/www.visionlarge.ch\\\/Blog\\\/?s={search_term_string}\"},\"query-input\":{\"@type\":\"PropertyValueSpecification\",\"valueRequired\":true,\"valueName\":\"search_term_string\"}}],\"inLanguage\":\"fr-FR\"},{\"@type\":[\"Person\",\"Organization\"],\"@id\":\"https:\\\/\\\/www.visionlarge.ch\\\/Blog\\\/#\\\/schema\\\/person\\\/b1280adcf8dd414efb101660dca80274\",\"name\":\"Visionlarge\",\"image\":{\"@type\":\"ImageObject\",\"inLanguage\":\"fr-FR\",\"@id\":\"https:\\\/\\\/secure.gravatar.com\\\/avatar\\\/5a4cf7a2f94117044ce51a4d732d4e9e02f76cc87fa0508945a18215c8a0613b?s=96&d=mm&r=g\",\"url\":\"https:\\\/\\\/secure.gravatar.com\\\/avatar\\\/5a4cf7a2f94117044ce51a4d732d4e9e02f76cc87fa0508945a18215c8a0613b?s=96&d=mm&r=g\",\"contentUrl\":\"https:\\\/\\\/secure.gravatar.com\\\/avatar\\\/5a4cf7a2f94117044ce51a4d732d4e9e02f76cc87fa0508945a18215c8a0613b?s=96&d=mm&r=g\",\"caption\":\"Visionlarge\"},\"logo\":{\"@id\":\"https:\\\/\\\/secure.gravatar.com\\\/avatar\\\/5a4cf7a2f94117044ce51a4d732d4e9e02f76cc87fa0508945a18215c8a0613b?s=96&d=mm&r=g\"},\"sameAs\":[\"http:\\\/\\\/www.visionlarge.ch\\\/Blog\"]}]}<\/script>\n<!-- \/ Yoast SEO plugin. -->","yoast_head_json":{"title":"S\u00e9curit\u00e9 et confidentialit\u00e9 &#8212; Visionlarge.ch","robots":{"index":"index","follow":"follow","max-snippet":"max-snippet:-1","max-image-preview":"max-image-preview:large","max-video-preview":"max-video-preview:-1"},"canonical":"https:\/\/www.visionlarge.ch\/Blog\/securite-et-confidentialite\/","og_locale":"fr_FR","og_type":"article","og_title":"S\u00e9curit\u00e9 et confidentialit\u00e9 &#8212; Visionlarge.ch","og_url":"https:\/\/www.visionlarge.ch\/Blog\/securite-et-confidentialite\/","og_site_name":"Visionlarge.ch","article_modified_time":"2026-03-26T20:00:54+00:00","og_image":[{"width":2560,"height":1750,"url":"https:\/\/www.visionlarge.ch\/Blog\/wp-content\/uploads\/Dans-les-forets-du-Jura-2024-scaled.jpg","type":"image\/jpeg"}],"twitter_card":"summary_large_image","twitter_site":"@visionlarge","twitter_misc":{"Dur\u00e9e de lecture estim\u00e9e":"3 minutes"},"schema":{"@context":"https:\/\/schema.org","@graph":[{"@type":"WebPage","@id":"https:\/\/www.visionlarge.ch\/Blog\/securite-et-confidentialite\/","url":"https:\/\/www.visionlarge.ch\/Blog\/securite-et-confidentialite\/","name":"S\u00e9curit\u00e9 et confidentialit\u00e9 &#8212; Visionlarge.ch","isPartOf":{"@id":"https:\/\/www.visionlarge.ch\/Blog\/#website"},"datePublished":"2019-07-07T03:32:12+00:00","dateModified":"2026-03-26T20:00:54+00:00","breadcrumb":{"@id":"https:\/\/www.visionlarge.ch\/Blog\/securite-et-confidentialite\/#breadcrumb"},"inLanguage":"fr-FR","potentialAction":[{"@type":"ReadAction","target":["https:\/\/www.visionlarge.ch\/Blog\/securite-et-confidentialite\/"]}]},{"@type":"BreadcrumbList","@id":"https:\/\/www.visionlarge.ch\/Blog\/securite-et-confidentialite\/#breadcrumb","itemListElement":[{"@type":"ListItem","position":1,"name":"Accueil","item":"https:\/\/www.visionlarge.ch\/Blog\/"},{"@type":"ListItem","position":2,"name":"S\u00e9curit\u00e9 et confidentialit\u00e9"}]},{"@type":"WebSite","@id":"https:\/\/www.visionlarge.ch\/Blog\/#website","url":"https:\/\/www.visionlarge.ch\/Blog\/","name":"Bovard Alain, mon blog photo","description":"C&#039;est toujours plus beau en visionlarge...","publisher":{"@id":"https:\/\/www.visionlarge.ch\/Blog\/#\/schema\/person\/b1280adcf8dd414efb101660dca80274"},"alternateName":"visionlarge","potentialAction":[{"@type":"SearchAction","target":{"@type":"EntryPoint","urlTemplate":"https:\/\/www.visionlarge.ch\/Blog\/?s={search_term_string}"},"query-input":{"@type":"PropertyValueSpecification","valueRequired":true,"valueName":"search_term_string"}}],"inLanguage":"fr-FR"},{"@type":["Person","Organization"],"@id":"https:\/\/www.visionlarge.ch\/Blog\/#\/schema\/person\/b1280adcf8dd414efb101660dca80274","name":"Visionlarge","image":{"@type":"ImageObject","inLanguage":"fr-FR","@id":"https:\/\/secure.gravatar.com\/avatar\/5a4cf7a2f94117044ce51a4d732d4e9e02f76cc87fa0508945a18215c8a0613b?s=96&d=mm&r=g","url":"https:\/\/secure.gravatar.com\/avatar\/5a4cf7a2f94117044ce51a4d732d4e9e02f76cc87fa0508945a18215c8a0613b?s=96&d=mm&r=g","contentUrl":"https:\/\/secure.gravatar.com\/avatar\/5a4cf7a2f94117044ce51a4d732d4e9e02f76cc87fa0508945a18215c8a0613b?s=96&d=mm&r=g","caption":"Visionlarge"},"logo":{"@id":"https:\/\/secure.gravatar.com\/avatar\/5a4cf7a2f94117044ce51a4d732d4e9e02f76cc87fa0508945a18215c8a0613b?s=96&d=mm&r=g"},"sameAs":["http:\/\/www.visionlarge.ch\/Blog"]}]}},"_links":{"self":[{"href":"https:\/\/www.visionlarge.ch\/Blog\/wp-json\/wp\/v2\/pages\/4698","targetHints":{"allow":["GET"]}}],"collection":[{"href":"https:\/\/www.visionlarge.ch\/Blog\/wp-json\/wp\/v2\/pages"}],"about":[{"href":"https:\/\/www.visionlarge.ch\/Blog\/wp-json\/wp\/v2\/types\/page"}],"author":[{"embeddable":true,"href":"https:\/\/www.visionlarge.ch\/Blog\/wp-json\/wp\/v2\/users\/1"}],"replies":[{"embeddable":true,"href":"https:\/\/www.visionlarge.ch\/Blog\/wp-json\/wp\/v2\/comments?post=4698"}],"version-history":[{"count":9,"href":"https:\/\/www.visionlarge.ch\/Blog\/wp-json\/wp\/v2\/pages\/4698\/revisions"}],"predecessor-version":[{"id":11751,"href":"https:\/\/www.visionlarge.ch\/Blog\/wp-json\/wp\/v2\/pages\/4698\/revisions\/11751"}],"wp:attachment":[{"href":"https:\/\/www.visionlarge.ch\/Blog\/wp-json\/wp\/v2\/media?parent=4698"}],"curies":[{"name":"wp","href":"https:\/\/api.w.org\/{rel}","templated":true}]}}